{"id":3,"date":"2025-07-10T07:36:33","date_gmt":"2025-07-10T05:36:33","guid":{"rendered":"https:\/\/bilico.se\/?page_id=3"},"modified":"2025-07-10T16:20:16","modified_gmt":"2025-07-10T14:20:16","slug":"integritetspolicy","status":"publish","type":"page","link":"https:\/\/bilico.se\/nb\/integritetspolicy\/","title":{"rendered":"Retningslinjer for personvern"},"content":{"rendered":"<h2 class=\"wp-block-heading\">Hvem vi er<\/h2>\n\n\n<p><strong class=\"privacy-policy-tutorial\">Foresl\u00e5tt tekst: <\/strong>Adressen til nettstedet v\u00e5rt er: https:\/\/bilico.se.<\/p>\n\n\n<h2 class=\"wp-block-heading\">Kommentarer til rapporten<\/h2>\n\n\n<p><strong class=\"privacy-policy-tutorial\">Foresl\u00e5tt tekst: <\/strong>N\u00e5r bes\u00f8kende legger igjen kommentarer p\u00e5 nettstedet, samler vi inn informasjonen som vises i kommentarskjemaet, samt den bes\u00f8kendes IP-adresse og nettleserens brukeragentstreng for \u00e5 kunne oppdage s\u00f8ppelpost.<\/p>\n\n\n<p>En anonymisert streng opprettet fra e-postadressen din (ogs\u00e5 kjent som en hash-verdi) kan bli sendt til Gravatar-tjenesten for \u00e5 avgj\u00f8re om du er registrert der. Personvernerkl\u00e6ringen til Gravatar-tjenesten er tilgjengelig p\u00e5 https:\/\/automattic.com\/privacy\/. N\u00e5r kommentaren din er godkjent, vil profilbildet ditt vises offentlig sammen med kommentaren din.<\/p>\n\n\n<h2 class=\"wp-block-heading\">Medier<\/h2>\n\n\n<p><strong class=\"privacy-policy-tutorial\">Foresl\u00e5tt tekst: <\/strong>Hvis du laster opp bilder til nettstedet, b\u00f8r du unng\u00e5 \u00e5 laste opp bilder der EXIF-dataene inneholder GPS-lokaliseringsdata. Bes\u00f8kende p\u00e5 nettstedet kan laste ned og hente alle posisjoneringsdata fra bilder p\u00e5 nettstedet.<\/p>\n\n\n<h2 class=\"wp-block-heading\">Informasjonskapsel-filer<\/h2>\n\n\n<p><strong class=\"privacy-policy-tutorial\">Foresl\u00e5tt tekst: <\/strong>Hvis du legger igjen en kommentar p\u00e5 nettstedet v\u00e5rt, kan du velge \u00e5 lagre navn, e-postadresse og nettadresse i en informasjonskapsel. Dette er for \u00e5 gj\u00f8re det enklere for deg, slik at du ikke trenger \u00e5 fylle ut denne informasjonen p\u00e5 nytt neste gang du legger inn en kommentar. Disse informasjonskapslene er gyldige i ett \u00e5r.<\/p>\n\n\n<p>Hvis du bes\u00f8ker innloggingssiden v\u00e5r, setter vi en midlertidig informasjonskapsel for \u00e5 sjekke om nettleseren din godtar dem. Denne informasjonskapselen inneholder ingen personopplysninger, og den forsvinner n\u00e5r du lukker nettleseren din.<\/p>\n\n\n<p>N\u00e5r du logger inn, oppretter vi i tillegg flere informasjonskapsler for \u00e5 lagre informasjon om innloggingen din og dine valg av skjermoppsett. Informasjonskapslene for innlogging er gyldige i to dager, og informasjonskapslene for layoutvalg er gyldige i ett \u00e5r. Hvis du krysser av i boksen \"Husk meg\", vil informasjonskapselen din v\u00e6re gyldig i to uker. Hvis du logger ut av kontoen din, slettes innloggingsinformasjonskapslene.<\/p>\n\n\n<p>Hvis du redigerer eller publiserer en artikkel, lagres det en ekstra informasjonskapsel i nettleseren din. Denne informasjonskapselfilen inneholder ingen personopplysninger, men angir bare innleggs-ID-en til artikkelen du nettopp har redigert, og utl\u00f8per etter 24 timer.<\/p>\n\n\n<h2 class=\"wp-block-heading\">Innebygd innhold fra andre nettsteder<\/h2>\n\n\n<p><strong class=\"privacy-policy-tutorial\">Foresl\u00e5tt tekst: <\/strong>Artikler p\u00e5 dette nettstedet kan inneholde innebygd innhold (f.eks. videoer, bilder, artikler osv.). Innebygd innhold fra andre nettsteder oppf\u00f8rer seg p\u00e5 n\u00f8yaktig samme m\u00e5te som om den bes\u00f8kende har bes\u00f8kt det andre nettstedet.<\/p>\n\n\n<p>Disse nettstedene kan samle inn data om deg, bruke informasjonskapsler, legge inn ekstra tredjepartssporing og overv\u00e5ke din interaksjon med det innebygde innholdet, inkludert sporing av din interaksjon med dette innebygde innholdet hvis du har en konto og er logget inn p\u00e5 det aktuelle nettstedet.<\/p>\n\n\n<h2 class=\"wp-block-heading\">Hvem vi deler opplysningene dine med<\/h2>\n\n\n<p><strong class=\"privacy-policy-tutorial\">Foresl\u00e5tt tekst: <\/strong>Hvis du ber om tilbakestilling av passordet, vil IP-adressen din bli inkludert i e-postmeldingen om tilbakestilling.<\/p>\n\n\n<h2 class=\"wp-block-heading\">Hvor lenge vi oppbevarer opplysningene dine<\/h2>\n\n\n<p><strong class=\"privacy-policy-tutorial\">Foresl\u00e5tt tekst: <\/strong>Hvis du legger inn en kommentar, blir kommentaren og metadataene lagret p\u00e5 ubestemt tid. Grunnen til dette er at vi m\u00e5 kunne finne og godkjenne oppf\u00f8lgingskommentarer automatisk, og ikke sette dem i k\u00f8 for gjennomgang.<\/p>\n\n\n<p>For brukere som registrerer seg p\u00e5 nettstedet ditt (hvis noen), lagrer vi ogs\u00e5 personopplysningene de oppgir i brukerprofilen sin. Alle brukere kan n\u00e5r som helst se, redigere eller slette personopplysningene sine (med unntak av at de ikke kan endre brukernavnet sitt). Nettstedsadministratorer kan ogs\u00e5 se og redigere denne informasjonen.<\/p>\n\n\n<h2 class=\"wp-block-heading\">Hvilke rettigheter du har over dataene dine<\/h2>\n\n\n<p><strong class=\"privacy-policy-tutorial\">Foresl\u00e5tt tekst: <\/strong>Hvis du har en konto eller har lagt ut kommentarer p\u00e5 dette nettstedet, kan du be om en eksportfil med personopplysningene vi har om deg, inkludert all informasjon du har gitt oss. Du kan ogs\u00e5 be om at vi sletter alle personopplysninger vi har om deg. Dette omfatter ikke opplysninger som vi er forpliktet til \u00e5 oppbevare av administrative, juridiske eller sikkerhetsmessige \u00e5rsaker.<\/p>\n\n\n<h2 class=\"wp-block-heading\">Hvor dataene dine sendes<\/h2>\n\n\n<p><strong class=\"privacy-policy-tutorial\">Foresl\u00e5tt tekst: <\/strong>Kommentarer fra bes\u00f8kende kan bli kontrollert via en automatisert tjeneste for oppdagelse av spam.<\/p>","protected":false},"excerpt":{"rendered":"<p>Vilka vi \u00e4r F\u00f6reslagen text: V\u00e5r webbplatsadress \u00e4r: https:\/\/bilico.se. Kommentarer F\u00f6reslagen text: N\u00e4r bes\u00f6kare l\u00e4mnar kommentarer p\u00e5 webbplatsen samlar vi in de uppgifter som visas i kommentarsformul\u00e4ret samt bes\u00f6karens IP-adress och webbl\u00e4sarens anv\u00e4ndaragent-str\u00e4ng som hj\u00e4lp f\u00f6r detektering av skr\u00e4ppost. En &hellip; <a href=\"https:\/\/bilico.se\/nb\/integritetspolicy\/\">Les mer om dette<\/a><\/p>","protected":false},"author":1,"featured_media":0,"parent":0,"menu_order":0,"comment_status":"closed","ping_status":"open","template":"","meta":{"_acf_changed":false,"_relevanssi_hide_post":"","_relevanssi_hide_content":"","_relevanssi_pin_for_all":"","_relevanssi_pin_keywords":"","_relevanssi_unpin_keywords":"","_relevanssi_related_keywords":"","_relevanssi_related_include_ids":"","_relevanssi_related_exclude_ids":"","_relevanssi_related_no_append":"","_relevanssi_related_not_related":"","_relevanssi_related_posts":"","_relevanssi_noindex_reason":"","footnotes":""},"class_list":["post-3","page","type-page","status-publish","hentry"],"acf":[],"_links":{"self":[{"href":"https:\/\/bilico.se\/nb\/wp-json\/wp\/v2\/pages\/3","targetHints":{"allow":["GET"]}}],"collection":[{"href":"https:\/\/bilico.se\/nb\/wp-json\/wp\/v2\/pages"}],"about":[{"href":"https:\/\/bilico.se\/nb\/wp-json\/wp\/v2\/types\/page"}],"author":[{"embeddable":true,"href":"https:\/\/bilico.se\/nb\/wp-json\/wp\/v2\/users\/1"}],"replies":[{"embeddable":true,"href":"https:\/\/bilico.se\/nb\/wp-json\/wp\/v2\/comments?post=3"}],"version-history":[{"count":1,"href":"https:\/\/bilico.se\/nb\/wp-json\/wp\/v2\/pages\/3\/revisions"}],"predecessor-version":[{"id":19253,"href":"https:\/\/bilico.se\/nb\/wp-json\/wp\/v2\/pages\/3\/revisions\/19253"}],"wp:attachment":[{"href":"https:\/\/bilico.se\/nb\/wp-json\/wp\/v2\/media?parent=3"}],"curies":[{"name":"wp","href":"https:\/\/api.w.org\/{rel}","templated":true}]}}