{"id":20979,"date":"2025-07-25T12:30:02","date_gmt":"2025-07-25T10:30:02","guid":{"rendered":"https:\/\/bilico.se\/?page_id=20979"},"modified":"2025-08-15T08:21:55","modified_gmt":"2025-08-15T06:21:55","slug":"sa-handlar-du","status":"publish","type":"page","link":"https:\/\/bilico.se\/nb\/sa-handlar-du\/","title":{"rendered":"Hvordan handle"},"content":{"rendered":"<p><strong>Slik handler du hos Bilico<\/strong><\/p>\n\n\n\n<p>Det er enkelt \u00e5 bli kunde hos Bilico - vi henvender oss til detaljister, butikker, nettbutikker, skoler og andre virksomheter som selger eller bruker leker og barneprodukter i sin virksomhet.<\/p>\n\n\n\n<p><strong>1. S\u00f8k om en kundekonto<\/strong><\/p>\n\n\n\n<p>For \u00e5 handle med oss trenger du et registrert selskap. Fyll ut [s\u00f8knadsskjema] eller kontakt oss p\u00e5 <strong>info@bilico.se<\/strong>s\u00e5 hjelper vi deg med \u00e5 komme i gang.<\/p>\n\n\n\n<p><strong>2. Logg inn p\u00e5 B2B-portalen v\u00e5r<\/strong><\/p>\n\n\n\n<p>N\u00e5r s\u00f8knaden din er godkjent, vil du motta innloggingsdetaljer til kundeportalen v\u00e5r. Der kan du gj\u00f8re det:<br>- Se hele sortimentet med dine innkj\u00f8pspriser<br>- Legge inn bestillinger direkte<br>- Se lagerniv\u00e5er og leveringstider<br>- Last ned produktbilder og salgsmateriell<\/p>\n\n\n\n<p><strong>3. Bestilling og levering<\/strong><\/p>\n\n\n\n<p>Bestill direkte i portalen eller via e-post. Vi behandler og sender de fleste bestillinger innen 24-48 timer fra lageret v\u00e5rt i Stockholm.<\/p>\n\n\n\n<p>Vi samarbeider med ledende spedit\u00f8rer for raske og sikre leveranser i hele Norden. Kunder i Norge f\u00e5r smidig h\u00e5ndtering takket v\u00e6re v\u00e5r lokale momsregistrering.<\/p>\n\n\n\n<p><strong>4. Betaling<\/strong><\/p>\n\n\n\n<p>Som ny kunde starter du vanligvis med en forskuddsbetaling. Etter etablert samarbeid kan vi tilby faktura med betalingsbetingelser.<\/p>\n\n\n\n<p>Har du noen sp\u00f8rsm\u00e5l?<br>\ud83d\udc49 Send oss en e-post p\u00e5 <strong>info@bilico.se<\/strong> eller ring <strong>010-214 66 96<\/strong> - vi hjelper deg gjerne.<\/p>","protected":false},"excerpt":{"rendered":"<p>Slik handler du hos Bilico Det er enkelt \u00e5 bli kunde hos Bilico - vi henvender oss til forhandlere, butikker, nettbutikker, skoler og andre virksomheter som selger eller bruker leker og barneprodukter i sin virksomhet. 1. S\u00f8k om en kundekonto For \u00e5... <a href=\"https:\/\/bilico.se\/nb\/sa-handlar-du\/\">Les mer om dette<\/a><\/p>","protected":false},"author":1,"featured_media":0,"parent":0,"menu_order":0,"comment_status":"closed","ping_status":"closed","template":"","meta":{"_acf_changed":false,"_relevanssi_hide_post":"","_relevanssi_hide_content":"","_relevanssi_pin_for_all":"","_relevanssi_pin_keywords":"","_relevanssi_unpin_keywords":"","_relevanssi_related_keywords":"","_relevanssi_related_include_ids":"","_relevanssi_related_exclude_ids":"","_relevanssi_related_no_append":"","_relevanssi_related_not_related":"","_relevanssi_related_posts":"","_relevanssi_noindex_reason":"","footnotes":""},"class_list":["post-20979","page","type-page","status-publish","hentry"],"acf":[],"_links":{"self":[{"href":"https:\/\/bilico.se\/nb\/wp-json\/wp\/v2\/pages\/20979","targetHints":{"allow":["GET"]}}],"collection":[{"href":"https:\/\/bilico.se\/nb\/wp-json\/wp\/v2\/pages"}],"about":[{"href":"https:\/\/bilico.se\/nb\/wp-json\/wp\/v2\/types\/page"}],"author":[{"embeddable":true,"href":"https:\/\/bilico.se\/nb\/wp-json\/wp\/v2\/users\/1"}],"replies":[{"embeddable":true,"href":"https:\/\/bilico.se\/nb\/wp-json\/wp\/v2\/comments?post=20979"}],"version-history":[{"count":2,"href":"https:\/\/bilico.se\/nb\/wp-json\/wp\/v2\/pages\/20979\/revisions"}],"predecessor-version":[{"id":23002,"href":"https:\/\/bilico.se\/nb\/wp-json\/wp\/v2\/pages\/20979\/revisions\/23002"}],"wp:attachment":[{"href":"https:\/\/bilico.se\/nb\/wp-json\/wp\/v2\/media?parent=20979"}],"curies":[{"name":"wp","href":"https:\/\/api.w.org\/{rel}","templated":true}]}}