{"id":19167,"date":"2024-03-05T02:22:01","date_gmt":"2024-03-05T02:22:01","guid":{"rendered":"https:\/\/demo2.wpthemego.com\/themes\/sw_kidzone\/?page_id=14"},"modified":"2025-08-21T22:03:03","modified_gmt":"2025-08-21T20:03:03","slug":"about-us","status":"publish","type":"page","link":"https:\/\/bilico.se\/nb\/about-us\/","title":{"rendered":"Om oss"},"content":{"rendered":"<div data-elementor-type=\"wp-page\" data-elementor-id=\"19167\" class=\"elementor elementor-19167\" data-elementor-post-type=\"page\">\n\t\t\t\t<div class=\"elementor-element elementor-element-c3fbda0 e-flex e-con-boxed e-con e-parent\" data-id=\"c3fbda0\" data-element_type=\"container\" data-settings=\"{&quot;background_background&quot;:&quot;classic&quot;}\">\n\t\t\t\t\t<div class=\"e-con-inner\">\n\t\t\t\t<div class=\"elementor-element elementor-element-74607c0b elementor-widget elementor-widget-swg-title\" data-id=\"74607c0b\" data-element_type=\"widget\" data-widget_type=\"swg-title.default\">\n\t\t\t\t<div class=\"elementor-widget-container\">\n\t\t\t\t\t<h1 class=\"swe-heading-title\"><\/h1>\t\t\t\t<\/div>\n\t\t\t\t<\/div>\n\t\t\t\t<div class=\"elementor-element elementor-element-70eb4ed0 elementor-widget elementor-widget-swg-breadcrumb\" data-id=\"70eb4ed0\" data-element_type=\"widget\" data-widget_type=\"swg-breadcrumb.default\">\n\t\t\t\t<div class=\"elementor-widget-container\">\n\t\t\t\t\t<ul class=\"breadcrumb\" ><li class=\"active\" ><span>Startside<\/span><\/li><\/ul>\t\t\t\t<\/div>\n\t\t\t\t<\/div>\n\t\t\t\t\t<\/div>\n\t\t\t\t<\/div>\n\t\t<div class=\"elementor-element elementor-element-91729ea e-flex e-con-boxed e-con e-parent\" data-id=\"91729ea\" data-element_type=\"container\">\n\t\t\t\t\t<div class=\"e-con-inner\">\n\t\t<div class=\"elementor-element elementor-element-e65f5ee e-con-full e-flex e-con e-child\" data-id=\"e65f5ee\" data-element_type=\"container\">\n\t\t\t\t<div class=\"elementor-element elementor-element-9327ea0 elementor-widget elementor-widget-image\" data-id=\"9327ea0\" data-element_type=\"widget\" data-widget_type=\"image.default\">\n\t\t\t\t\t\t\t\t\t\t\t\t\t\t\t\t<a href=\"#\">\n\t\t\t\t\t\t\t<img fetchpriority=\"high\" decoding=\"async\" width=\"940\" height=\"627\" src=\"https:\/\/bilico.se\/wp-content\/uploads\/2025\/08\/ChatGPT-Image-31-juli-2025-16_42_58.png\" class=\"elementor-animation-float attachment-large size-large wp-image-21084\" alt=\"\" srcset=\"https:\/\/bilico.se\/wp-content\/uploads\/2025\/08\/ChatGPT-Image-31-juli-2025-16_42_58.png 1536w, https:\/\/bilico.se\/wp-content\/uploads\/2025\/08\/ChatGPT-Image-31-juli-2025-16_42_58-300x200.png 300w\" sizes=\"(max-width: 940px) 100vw, 940px\" \/>\t\t\t\t\t\t\t\t<\/a>\n\t\t\t\t\t\t\t\t\t\t\t\t\t\t\t<\/div>\n\t\t\t\t<\/div>\n\t\t<div class=\"elementor-element elementor-element-822e69e e-con-full e-flex e-con e-child\" data-id=\"822e69e\" data-element_type=\"container\">\n\t\t\t\t<div class=\"elementor-element elementor-element-1fe0fde elementor-widget elementor-widget-image\" data-id=\"1fe0fde\" data-element_type=\"widget\" data-widget_type=\"image.default\">\n\t\t\t\t\t\t\t\t\t\t\t\t\t\t\t\t<a href=\"#\">\n\t\t\t\t\t\t\t<img decoding=\"async\" width=\"690\" height=\"460\" src=\"https:\/\/bilico.se\/wp-content\/uploads\/2024\/08\/About_2.jpg\" class=\"elementor-animation-float attachment-large size-large wp-image-18930\" alt=\"\" srcset=\"https:\/\/bilico.se\/wp-content\/uploads\/2024\/08\/About_2.jpg 690w, https:\/\/bilico.se\/wp-content\/uploads\/2024\/08\/About_2-600x400.jpg 600w, https:\/\/bilico.se\/wp-content\/uploads\/2024\/08\/About_2-300x200.jpg 300w\" sizes=\"(max-width: 690px) 100vw, 690px\" \/>\t\t\t\t\t\t\t\t<\/a>\n\t\t\t\t\t\t\t\t\t\t\t\t\t\t\t<\/div>\n\t\t\t\t<\/div>\n\t\t\t\t\t<\/div>\n\t\t\t\t<\/div>\n\t\t<div class=\"elementor-element elementor-element-fe04806 e-flex e-con-boxed e-con e-parent\" data-id=\"fe04806\" data-element_type=\"container\">\n\t\t\t\t\t<div class=\"e-con-inner\">\n\t\t\t\t<div class=\"elementor-element elementor-element-4aab1fc elementor-widget elementor-widget-text-editor\" data-id=\"4aab1fc\" data-element_type=\"widget\" data-widget_type=\"text-editor.default\">\n\t\t\t\t\t\t\t\t\t<p>Bilico er en nordisk distribut\u00f8r av kjente leket\u00f8ymerker som Maisto, Burago og BB Junior. Vi tilbyr et h\u00e5ndplukket sortiment, rask og fleksibel logistikk fra v\u00e5rt lager i Stockholm og enkel B2B-handel med smarte IT-l\u00f8sninger. Hos oss handler du trygt, effektivt - og med fokus p\u00e5 langsiktige relasjoner.<\/p>\t\t\t\t\t\t\t\t<\/div>\n\t\t\t\t\t<\/div>\n\t\t\t\t<\/div>\n\t\t\t\t<\/div>","protected":false},"excerpt":{"rendered":"<p>Home Bilico er en nordisk distribut\u00f8r av kjente leket\u00f8ymerker som Maisto, Bburago og BB Junior. Vi tilbyr et h\u00e5ndplukket sortiment, rask og fleksibel logistikk fra v\u00e5rt lager i Stockholm og enkel B2B-handel med smarte IT-l\u00f8sninger. Hos oss handler du trygt, ... <a href=\"https:\/\/bilico.se\/nb\/about-us\/\">Les mer om dette<\/a><\/p>","protected":false},"author":1,"featured_media":0,"parent":0,"menu_order":0,"comment_status":"closed","ping_status":"closed","template":"page-full.php","meta":{"_acf_changed":false,"_relevanssi_hide_post":"","_relevanssi_hide_content":"","_relevanssi_pin_for_all":"","_relevanssi_pin_keywords":"","_relevanssi_unpin_keywords":"","_relevanssi_related_keywords":"","_relevanssi_related_include_ids":"","_relevanssi_related_exclude_ids":"","_relevanssi_related_no_append":"","_relevanssi_related_not_related":"","_relevanssi_related_posts":"1631,986,1523,1629,1610,1524","_relevanssi_noindex_reason":"","footnotes":""},"class_list":["post-19167","page","type-page","status-publish","hentry"],"acf":[],"_links":{"self":[{"href":"https:\/\/bilico.se\/nb\/wp-json\/wp\/v2\/pages\/19167","targetHints":{"allow":["GET"]}}],"collection":[{"href":"https:\/\/bilico.se\/nb\/wp-json\/wp\/v2\/pages"}],"about":[{"href":"https:\/\/bilico.se\/nb\/wp-json\/wp\/v2\/types\/page"}],"author":[{"embeddable":true,"href":"https:\/\/bilico.se\/nb\/wp-json\/wp\/v2\/users\/1"}],"replies":[{"embeddable":true,"href":"https:\/\/bilico.se\/nb\/wp-json\/wp\/v2\/comments?post=19167"}],"version-history":[{"count":5,"href":"https:\/\/bilico.se\/nb\/wp-json\/wp\/v2\/pages\/19167\/revisions"}],"predecessor-version":[{"id":23065,"href":"https:\/\/bilico.se\/nb\/wp-json\/wp\/v2\/pages\/19167\/revisions\/23065"}],"wp:attachment":[{"href":"https:\/\/bilico.se\/nb\/wp-json\/wp\/v2\/media?parent=19167"}],"curies":[{"name":"wp","href":"https:\/\/api.w.org\/{rel}","templated":true}]}}